{"id":19015,"date":"2024-12-05T21:04:08","date_gmt":"2024-12-05T21:04:08","guid":{"rendered":"https:\/\/sendeeinheit.com\/?post_type=product&#038;p=19015"},"modified":"2026-02-21T14:15:28","modified_gmt":"2026-02-21T14:15:28","slug":"discovery-panel-podcup","status":"publish","type":"product","link":"https:\/\/sendeeinheit.com\/?product=discovery-panel-podcup","title":{"rendered":"Discovery Panel &#8211; Podcup"},"content":{"rendered":"<p>Mach Dein Morgenritual zu einer intergalaktischen Erfahrung \u2013 mit dem offiziellen <a href=\"https:\/\/www.discoverypanel.de\/\" target=\"_blank\" rel=\"noopener\"><strong>Discovery Panel<\/strong><\/a>&#8211;<strong>Podcup<\/strong>! Ob schwarzer Kaffee \u00e0 la Janeway, ein Earl Grey (hei\u00df, nat\u00fcrlich!) oder einfach nur Dein Lieblingskakao mit einem Hauch von Sternenstaub \u2013 diese Tasse macht jedes Getr\u00e4nk zum Warp-Kern in deinem Alltag.<\/p>\n<p><strong>Features:<\/strong><\/p>\n<p><strong>Unendliche Niedlichkeit:<\/strong> Mit dem Logo des s\u00fc\u00dfesten Star Trek-Podcasts der Galaxis wird jede Kaffeepause sweet.<br \/>\n<strong>Dohm- und Sonntag-erprobt:<\/strong> Andreas und Sebastian w\u00fcrden schw\u00f6ren, dass Getr\u00e4nke aus dieser Tasse besser schmecken (aber nur, wenn Du sie beim H\u00f6ren trinkst).<br \/>\n<strong>Replikator-kompatibel:<\/strong> Praktisch, stilvoll und bereit, auch Deinem Schreibtisch ein bisschen Sternenflotten-Glanz zu verleihen.<\/p>\n<p>Egal ob im Homeoffice, auf der Br\u00fccke der Enterprise oder bei Deinem n\u00e4chsten Star Trek-Marathon \u2013 mit dieser Tasse bist Du Teil der Crew.<\/p>\n","protected":false},"excerpt":{"rendered":"<p>Mach Dein Morgenritual zu einer intergalaktischen Erfahrung \u2013 mit dem offiziellen <strong>Discovery Panel<\/strong>&#8211;<strong>Podcup<\/strong>! Ob schwarzer Kaffee \u00e0 la Janeway, ein Earl Grey (hei\u00df, nat\u00fcrlich!) oder einfach nur Dein Lieblingskakao mit einem Hauch von Sternenstaub \u2013 diese Tasse macht jedes Getr\u00e4nk zum Warp-Kern in deinem Alltag.<\/p>\n","protected":false},"author":4,"featured_media":19016,"comment_status":"open","ping_status":"closed","template":"","meta":{"pmpro_default_level":""},"product_cat":[150],"product_tag":[47],"class_list":{"0":"post-19015","1":"product","2":"type-product","3":"status-publish","4":"has-post-thumbnail","6":"product_cat-tassen","7":"product_tag-case","8":"product_shipping_class-schwer","9":"pmpro-has-access","11":"first","12":"instock","13":"purchasable","14":"product-type-simple"},"yoast_head":"<!-- This site is optimized with the Yoast SEO plugin v24.0 - https:\/\/yoast.com\/wordpress\/plugins\/seo\/ -->\n<title>Discovery Panel - Podcup - SENDEEINHEIT<\/title>\n<meta name=\"robots\" content=\"index, follow, max-snippet:-1, max-image-preview:large, max-video-preview:-1\" \/>\n<link rel=\"canonical\" href=\"https:\/\/sendeeinheit.com\/?product=discovery-panel-podcup\" \/>\n<meta property=\"og:locale\" content=\"de_DE\" \/>\n<meta property=\"og:type\" content=\"article\" \/>\n<meta property=\"og:title\" content=\"Discovery Panel - Podcup - SENDEEINHEIT\" \/>\n<meta property=\"og:description\" content=\"Mach Dein Morgenritual zu einer intergalaktischen Erfahrung \u2013 mit dem offiziellen Discovery Panel-Podcup! Ob schwarzer Kaffee \u00e0 la Janeway, ein Earl Grey (hei\u00df, nat\u00fcrlich!) oder einfach nur Dein Lieblingskakao mit einem Hauch von Sternenstaub \u2013 diese Tasse macht jedes Getr\u00e4nk zum Warp-Kern in deinem Alltag.\" \/>\n<meta property=\"og:url\" content=\"https:\/\/sendeeinheit.com\/?product=discovery-panel-podcup\" \/>\n<meta property=\"og:site_name\" content=\"SENDEEINHEIT\" \/>\n<meta property=\"article:modified_time\" content=\"2026-02-21T14:15:28+00:00\" \/>\n<meta property=\"og:image\" content=\"https:\/\/sendeeinheit.com\/wp-content\/uploads\/2024\/12\/signal-2024-12-05-140157_002.jpeg\" \/>\n\t<meta property=\"og:image:width\" content=\"1200\" \/>\n\t<meta property=\"og:image:height\" content=\"1600\" \/>\n\t<meta property=\"og:image:type\" content=\"image\/jpeg\" \/>\n<meta name=\"twitter:card\" content=\"summary_large_image\" \/>\n<meta name=\"twitter:label1\" content=\"Gesch\u00e4tzte Lesezeit\" \/>\n\t<meta name=\"twitter:data1\" content=\"1\u00a0Minute\" \/>\n<script type=\"application\/ld+json\" class=\"yoast-schema-graph\">{\"@context\":\"https:\/\/schema.org\",\"@graph\":[{\"@type\":\"WebPage\",\"@id\":\"https:\/\/sendeeinheit.com\/?product=discovery-panel-podcup\",\"url\":\"https:\/\/sendeeinheit.com\/?product=discovery-panel-podcup\",\"name\":\"Discovery Panel - Podcup - SENDEEINHEIT\",\"isPartOf\":{\"@id\":\"https:\/\/sendeeinheit.com\/#website\"},\"primaryImageOfPage\":{\"@id\":\"https:\/\/sendeeinheit.com\/?product=discovery-panel-podcup#primaryimage\"},\"image\":{\"@id\":\"https:\/\/sendeeinheit.com\/?product=discovery-panel-podcup#primaryimage\"},\"thumbnailUrl\":\"https:\/\/sendeeinheit.com\/wp-content\/uploads\/2024\/12\/signal-2024-12-05-140157_002.jpeg\",\"datePublished\":\"2024-12-05T21:04:08+00:00\",\"dateModified\":\"2026-02-21T14:15:28+00:00\",\"breadcrumb\":{\"@id\":\"https:\/\/sendeeinheit.com\/?product=discovery-panel-podcup#breadcrumb\"},\"inLanguage\":\"de\",\"potentialAction\":[{\"@type\":\"ReadAction\",\"target\":[\"https:\/\/sendeeinheit.com\/?product=discovery-panel-podcup\"]}]},{\"@type\":\"ImageObject\",\"inLanguage\":\"de\",\"@id\":\"https:\/\/sendeeinheit.com\/?product=discovery-panel-podcup#primaryimage\",\"url\":\"https:\/\/sendeeinheit.com\/wp-content\/uploads\/2024\/12\/signal-2024-12-05-140157_002.jpeg\",\"contentUrl\":\"https:\/\/sendeeinheit.com\/wp-content\/uploads\/2024\/12\/signal-2024-12-05-140157_002.jpeg\",\"width\":1200,\"height\":1600},{\"@type\":\"BreadcrumbList\",\"@id\":\"https:\/\/sendeeinheit.com\/?product=discovery-panel-podcup#breadcrumb\",\"itemListElement\":[{\"@type\":\"ListItem\",\"position\":1,\"name\":\"Startseite\",\"item\":\"https:\/\/sendeeinheit.com\/\"},{\"@type\":\"ListItem\",\"position\":2,\"name\":\"Shop\",\"item\":\"https:\/\/sendeeinheit.com\/?page_id=27\"},{\"@type\":\"ListItem\",\"position\":3,\"name\":\"Discovery Panel &#8211; Podcup\"}]},{\"@type\":\"WebSite\",\"@id\":\"https:\/\/sendeeinheit.com\/#website\",\"url\":\"https:\/\/sendeeinheit.com\/\",\"name\":\"SENDEEINHEIT\",\"description\":\"Wir machen Podcasts. Gute.\",\"publisher\":{\"@id\":\"https:\/\/sendeeinheit.com\/#organization\"},\"potentialAction\":[{\"@type\":\"SearchAction\",\"target\":{\"@type\":\"EntryPoint\",\"urlTemplate\":\"https:\/\/sendeeinheit.com\/?s={search_term_string}\"},\"query-input\":{\"@type\":\"PropertyValueSpecification\",\"valueRequired\":true,\"valueName\":\"search_term_string\"}}],\"inLanguage\":\"de\"},{\"@type\":\"Organization\",\"@id\":\"https:\/\/sendeeinheit.com\/#organization\",\"name\":\"SENDEEINHEIT\",\"url\":\"https:\/\/sendeeinheit.com\/\",\"logo\":{\"@type\":\"ImageObject\",\"inLanguage\":\"de\",\"@id\":\"https:\/\/sendeeinheit.com\/#\/schema\/logo\/image\/\",\"url\":\"https:\/\/sendeeinheit.com\/wp-content\/uploads\/2024\/11\/SE_Logo_Final.png\",\"contentUrl\":\"https:\/\/sendeeinheit.com\/wp-content\/uploads\/2024\/11\/SE_Logo_Final.png\",\"width\":1241,\"height\":1241,\"caption\":\"SENDEEINHEIT\"},\"image\":{\"@id\":\"https:\/\/sendeeinheit.com\/#\/schema\/logo\/image\/\"},\"sameAs\":[\"https:\/\/www.linkedin.com\/company\/sendeeinheit\/\",\"https:\/\/www.instagram.com\/sendeeinheit?igsh=dW81dzNseDU5Nnp0\"]}]}<\/script>\n<!-- \/ Yoast SEO plugin. -->","yoast_head_json":{"title":"Discovery Panel - Podcup - SENDEEINHEIT","robots":{"index":"index","follow":"follow","max-snippet":"max-snippet:-1","max-image-preview":"max-image-preview:large","max-video-preview":"max-video-preview:-1"},"canonical":"https:\/\/sendeeinheit.com\/?product=discovery-panel-podcup","og_locale":"de_DE","og_type":"article","og_title":"Discovery Panel - Podcup - SENDEEINHEIT","og_description":"Mach Dein Morgenritual zu einer intergalaktischen Erfahrung \u2013 mit dem offiziellen Discovery Panel-Podcup! Ob schwarzer Kaffee \u00e0 la Janeway, ein Earl Grey (hei\u00df, nat\u00fcrlich!) oder einfach nur Dein Lieblingskakao mit einem Hauch von Sternenstaub \u2013 diese Tasse macht jedes Getr\u00e4nk zum Warp-Kern in deinem Alltag.","og_url":"https:\/\/sendeeinheit.com\/?product=discovery-panel-podcup","og_site_name":"SENDEEINHEIT","article_modified_time":"2026-02-21T14:15:28+00:00","og_image":[{"width":1200,"height":1600,"url":"https:\/\/sendeeinheit.com\/wp-content\/uploads\/2024\/12\/signal-2024-12-05-140157_002.jpeg","type":"image\/jpeg"}],"twitter_card":"summary_large_image","twitter_misc":{"Gesch\u00e4tzte Lesezeit":"1\u00a0Minute"},"schema":{"@context":"https:\/\/schema.org","@graph":[{"@type":"WebPage","@id":"https:\/\/sendeeinheit.com\/?product=discovery-panel-podcup","url":"https:\/\/sendeeinheit.com\/?product=discovery-panel-podcup","name":"Discovery Panel - Podcup - SENDEEINHEIT","isPartOf":{"@id":"https:\/\/sendeeinheit.com\/#website"},"primaryImageOfPage":{"@id":"https:\/\/sendeeinheit.com\/?product=discovery-panel-podcup#primaryimage"},"image":{"@id":"https:\/\/sendeeinheit.com\/?product=discovery-panel-podcup#primaryimage"},"thumbnailUrl":"https:\/\/sendeeinheit.com\/wp-content\/uploads\/2024\/12\/signal-2024-12-05-140157_002.jpeg","datePublished":"2024-12-05T21:04:08+00:00","dateModified":"2026-02-21T14:15:28+00:00","breadcrumb":{"@id":"https:\/\/sendeeinheit.com\/?product=discovery-panel-podcup#breadcrumb"},"inLanguage":"de","potentialAction":[{"@type":"ReadAction","target":["https:\/\/sendeeinheit.com\/?product=discovery-panel-podcup"]}]},{"@type":"ImageObject","inLanguage":"de","@id":"https:\/\/sendeeinheit.com\/?product=discovery-panel-podcup#primaryimage","url":"https:\/\/sendeeinheit.com\/wp-content\/uploads\/2024\/12\/signal-2024-12-05-140157_002.jpeg","contentUrl":"https:\/\/sendeeinheit.com\/wp-content\/uploads\/2024\/12\/signal-2024-12-05-140157_002.jpeg","width":1200,"height":1600},{"@type":"BreadcrumbList","@id":"https:\/\/sendeeinheit.com\/?product=discovery-panel-podcup#breadcrumb","itemListElement":[{"@type":"ListItem","position":1,"name":"Startseite","item":"https:\/\/sendeeinheit.com\/"},{"@type":"ListItem","position":2,"name":"Shop","item":"https:\/\/sendeeinheit.com\/?page_id=27"},{"@type":"ListItem","position":3,"name":"Discovery Panel &#8211; Podcup"}]},{"@type":"WebSite","@id":"https:\/\/sendeeinheit.com\/#website","url":"https:\/\/sendeeinheit.com\/","name":"SENDEEINHEIT","description":"Wir machen Podcasts. Gute.","publisher":{"@id":"https:\/\/sendeeinheit.com\/#organization"},"potentialAction":[{"@type":"SearchAction","target":{"@type":"EntryPoint","urlTemplate":"https:\/\/sendeeinheit.com\/?s={search_term_string}"},"query-input":{"@type":"PropertyValueSpecification","valueRequired":true,"valueName":"search_term_string"}}],"inLanguage":"de"},{"@type":"Organization","@id":"https:\/\/sendeeinheit.com\/#organization","name":"SENDEEINHEIT","url":"https:\/\/sendeeinheit.com\/","logo":{"@type":"ImageObject","inLanguage":"de","@id":"https:\/\/sendeeinheit.com\/#\/schema\/logo\/image\/","url":"https:\/\/sendeeinheit.com\/wp-content\/uploads\/2024\/11\/SE_Logo_Final.png","contentUrl":"https:\/\/sendeeinheit.com\/wp-content\/uploads\/2024\/11\/SE_Logo_Final.png","width":1241,"height":1241,"caption":"SENDEEINHEIT"},"image":{"@id":"https:\/\/sendeeinheit.com\/#\/schema\/logo\/image\/"},"sameAs":["https:\/\/www.linkedin.com\/company\/sendeeinheit\/","https:\/\/www.instagram.com\/sendeeinheit?igsh=dW81dzNseDU5Nnp0"]}]}},"jetpack_sharing_enabled":true,"_links":{"self":[{"href":"https:\/\/sendeeinheit.com\/index.php?rest_route=\/wp\/v2\/product\/19015","targetHints":{"allow":["GET"]}}],"collection":[{"href":"https:\/\/sendeeinheit.com\/index.php?rest_route=\/wp\/v2\/product"}],"about":[{"href":"https:\/\/sendeeinheit.com\/index.php?rest_route=\/wp\/v2\/types\/product"}],"author":[{"embeddable":true,"href":"https:\/\/sendeeinheit.com\/index.php?rest_route=\/wp\/v2\/users\/4"}],"replies":[{"embeddable":true,"href":"https:\/\/sendeeinheit.com\/index.php?rest_route=%2Fwp%2Fv2%2Fcomments&post=19015"}],"wp:featuredmedia":[{"embeddable":true,"href":"https:\/\/sendeeinheit.com\/index.php?rest_route=\/wp\/v2\/media\/19016"}],"wp:attachment":[{"href":"https:\/\/sendeeinheit.com\/index.php?rest_route=%2Fwp%2Fv2%2Fmedia&parent=19015"}],"wp:term":[{"taxonomy":"product_cat","embeddable":true,"href":"https:\/\/sendeeinheit.com\/index.php?rest_route=%2Fwp%2Fv2%2Fproduct_cat&post=19015"},{"taxonomy":"product_tag","embeddable":true,"href":"https:\/\/sendeeinheit.com\/index.php?rest_route=%2Fwp%2Fv2%2Fproduct_tag&post=19015"}],"curies":[{"name":"wp","href":"https:\/\/api.w.org\/{rel}","templated":true}]}}