{"id":19018,"date":"2024-12-05T20:58:39","date_gmt":"2024-12-05T20:58:39","guid":{"rendered":"https:\/\/sendeeinheit.com\/?post_type=product&#038;p=19018"},"modified":"2025-12-19T08:12:17","modified_gmt":"2025-12-19T08:12:17","slug":"captains-sweat","status":"publish","type":"product","link":"https:\/\/sendeeinheit.com\/?product=captains-sweat","title":{"rendered":"Captain&#8217;s Sweat"},"content":{"rendered":"<div data-test='contact-form' id='contact-form-19018' class='wp-block-jetpack-contact-form-container '>\n<form action='https:\/\/sendeeinheit.com\/?product=captains-sweat#contact-form-19018' method='post' class='contact-form commentsblock' aria-label=\"Captain&#039;s Sweat\" novalidate>\n\n<div style=\"\" class='grunion-field-name-wrap grunion-field-wrap'  >\n<label\n\t\t\t\tfor='g19018-name'\n\t\t\t\tclass='grunion-field-label name'>Name<span class=\"grunion-label-required\" aria-hidden=\"true\">(erforderlich)<\/span><\/label>\n<input\n\t\t\t\t\ttype='text'\n\t\t\t\t\tname='g19018-name'\n\t\t\t\t\tid='g19018-name'\n\t\t\t\t\tvalue=''\n\t\t\t\t\tclass='name  grunion-field' \n\t\t\t\t\trequired aria-required='true' \/>\n\t<\/div>\n\n<div style=\"\" class='grunion-field-email-wrap grunion-field-wrap'  >\n<label\n\t\t\t\tfor='g19018-email'\n\t\t\t\tclass='grunion-field-label email'>E-Mail<span class=\"grunion-label-required\" aria-hidden=\"true\">(erforderlich)<\/span><\/label>\n<input\n\t\t\t\t\ttype='email'\n\t\t\t\t\tname='g19018-email'\n\t\t\t\t\tid='g19018-email'\n\t\t\t\t\tvalue=''\n\t\t\t\t\tclass='email  grunion-field' \n\t\t\t\t\trequired aria-required='true' \/>\n\t<\/div>\n\n<div style=\"\" class='grunion-field-url-wrap grunion-field-wrap'  >\n<label\n\t\t\t\tfor='g19018-website'\n\t\t\t\tclass='grunion-field-label url'>Website<\/label>\n<input\n\t\t\t\t\ttype='text'\n\t\t\t\t\tname='g19018-website'\n\t\t\t\t\tid='g19018-website'\n\t\t\t\t\tvalue=''\n\t\t\t\t\tclass='url  grunion-field' \n\t\t\t\t\ttitle=\"Bitte gib eine g\u00fcltige URL ein\u00a0\u2013 https:\/\/www.example.com\" oninvalid=\"setCustomValidity(&quot;Bitte gib eine g\u00fcltige URL ein\u00a0\u2013 https:\/\/www.example.com&quot;)\" oninput=\"setCustomValidity(&quot;&quot;)\" pattern=\"(([:\\\/a-zA-Z0-9_\\-]+)?(\\.[a-zA-Z0-9_\\-\\\/]+)+)\" data-type-override=\"url\"  \/>\n\t<\/div>\n\n<div style=\"\" class='grunion-field-textarea-wrap grunion-field-wrap'  >\n<label\n\t\t\t\tfor='contact-form-comment-g19018-nachricht'\n\t\t\t\tclass='grunion-field-label textarea'>Nachricht<\/label>\n<textarea\n\t\t                style=''\n\t\t                name='g19018-nachricht'\n\t\t                id='contact-form-comment-g19018-nachricht'\n\t\t                rows='20' class='textarea  grunion-field'  ><\/textarea>\n\t<\/div>\n\t<p class='contact-submit'>\n\t\t<button type='submit' class='pushbutton-wide'>Senden<\/button>\t\t<input type='hidden' name='contact-form-id' value='19018' \/>\n\t\t<input type='hidden' name='action' value='grunion-contact-form' \/>\n\t\t<input type='hidden' name='contact-form-hash' value='3cbfb3cf0d91f9b8b02c2487b2497e1875a0296e' \/>\n\t<\/p>\n<\/form>\n<\/div>\n<p>Was passiert, wenn man den s\u00fc\u00dfesten Star Trek-Podcast der Welt mit der Gem\u00fctlichkeit eines Sternenflotten-Schlafanzugs kombiniert? Richtig, dieser Pullover entsteht! Mit dem <a href=\"https:\/\/www.discoverypanel.de\/\" target=\"_blank\" rel=\"noopener\"><strong>Discovery Panel<\/strong><\/a>-Logo auf der Brust zeigst Du der Welt, dass Du besten Humor und tiefgr\u00fcndige Nerd-Talks genauso liebst wie Klingonen Blutwein.<\/p>\n<p><strong>W\u00e4rmer als ein Warp-Kern:<\/strong> Perfekt f\u00fcr kalte Sternen-N\u00e4chte oder zu stark eingestellte Klimaanlagen.<br \/>\n<strong>Universell kompatibel:<\/strong> Ob Trekkie, Gelegenheits-H\u00f6rer oder Ferengi \u2013 dieser Pulli steht jedem!<br \/>\n<strong>Podcasterprobte Qualit\u00e4t:<\/strong> Ideal zum Zuh\u00f6ren, Nachdenken oder einfach zum Wohlf\u00fchlen.<\/p>\n<p>Mit diesem Pullover bist Du garantiert der oder die Captain der Gem\u00fctlichkeit. Perfekt f\u00fcr alle, die glauben, dass Star Trek und eine Prise Niedlichkeit das Universum zusammenhalten.<\/p>\n","protected":false},"excerpt":{"rendered":"<p>Mit diesem Sweatshirt bist Du garantiert der oder die Captain der Gem\u00fctlichkeit. Perfekt f\u00fcr alle, die glauben, dass Star Trek und eine Prise Niedlichkeit das Universum zusammenhalten.<\/p>\n","protected":false},"author":4,"featured_media":19019,"comment_status":"open","ping_status":"closed","template":"","meta":{"pmpro_default_level":""},"product_cat":[145],"product_tag":[47],"class_list":{"0":"post-19018","1":"product","2":"type-product","3":"status-publish","4":"has-post-thumbnail","6":"product_cat-sweatshirt","7":"product_tag-case","8":"product_shipping_class-schwer","9":"pmpro-has-access","11":"first","12":"instock","13":"purchasable","14":"product-type-variable"},"yoast_head":"<!-- This site is optimized with the Yoast SEO plugin v24.0 - https:\/\/yoast.com\/wordpress\/plugins\/seo\/ -->\n<title>Captain&#039;s Sweat - SENDEEINHEIT<\/title>\n<meta name=\"robots\" content=\"index, follow, max-snippet:-1, max-image-preview:large, max-video-preview:-1\" \/>\n<link rel=\"canonical\" href=\"https:\/\/sendeeinheit.com\/?product=captains-sweat\" \/>\n<meta property=\"og:locale\" content=\"de_DE\" \/>\n<meta property=\"og:type\" content=\"article\" \/>\n<meta property=\"og:title\" content=\"Captain&#039;s Sweat - SENDEEINHEIT\" \/>\n<meta property=\"og:description\" content=\"Mit diesem Sweatshirt bist Du garantiert der oder die Captain der Gem\u00fctlichkeit. Perfekt f\u00fcr alle, die glauben, dass Star Trek und eine Prise Niedlichkeit das Universum zusammenhalten.\" \/>\n<meta property=\"og:url\" content=\"https:\/\/sendeeinheit.com\/?product=captains-sweat\" \/>\n<meta property=\"og:site_name\" content=\"SENDEEINHEIT\" \/>\n<meta property=\"article:modified_time\" content=\"2025-12-19T08:12:17+00:00\" \/>\n<meta property=\"og:image\" content=\"https:\/\/sendeeinheit.com\/wp-content\/uploads\/2024\/12\/DSCF1629-scaled.jpg\" \/>\n\t<meta property=\"og:image:width\" content=\"2560\" \/>\n\t<meta property=\"og:image:height\" content=\"1707\" \/>\n\t<meta property=\"og:image:type\" content=\"image\/jpeg\" \/>\n<meta name=\"twitter:card\" content=\"summary_large_image\" \/>\n<meta name=\"twitter:label1\" content=\"Gesch\u00e4tzte Lesezeit\" \/>\n\t<meta name=\"twitter:data1\" content=\"1\u00a0Minute\" \/>\n<script type=\"application\/ld+json\" class=\"yoast-schema-graph\">{\"@context\":\"https:\/\/schema.org\",\"@graph\":[{\"@type\":\"WebPage\",\"@id\":\"https:\/\/sendeeinheit.com\/?product=captains-sweat\",\"url\":\"https:\/\/sendeeinheit.com\/?product=captains-sweat\",\"name\":\"Captain's Sweat - SENDEEINHEIT\",\"isPartOf\":{\"@id\":\"https:\/\/sendeeinheit.com\/#website\"},\"primaryImageOfPage\":{\"@id\":\"https:\/\/sendeeinheit.com\/?product=captains-sweat#primaryimage\"},\"image\":{\"@id\":\"https:\/\/sendeeinheit.com\/?product=captains-sweat#primaryimage\"},\"thumbnailUrl\":\"https:\/\/sendeeinheit.com\/wp-content\/uploads\/2024\/12\/DSCF1629-scaled.jpg\",\"datePublished\":\"2024-12-05T20:58:39+00:00\",\"dateModified\":\"2025-12-19T08:12:17+00:00\",\"breadcrumb\":{\"@id\":\"https:\/\/sendeeinheit.com\/?product=captains-sweat#breadcrumb\"},\"inLanguage\":\"de\",\"potentialAction\":[{\"@type\":\"ReadAction\",\"target\":[\"https:\/\/sendeeinheit.com\/?product=captains-sweat\"]}]},{\"@type\":\"ImageObject\",\"inLanguage\":\"de\",\"@id\":\"https:\/\/sendeeinheit.com\/?product=captains-sweat#primaryimage\",\"url\":\"https:\/\/sendeeinheit.com\/wp-content\/uploads\/2024\/12\/DSCF1629-scaled.jpg\",\"contentUrl\":\"https:\/\/sendeeinheit.com\/wp-content\/uploads\/2024\/12\/DSCF1629-scaled.jpg\",\"width\":2560,\"height\":1707},{\"@type\":\"BreadcrumbList\",\"@id\":\"https:\/\/sendeeinheit.com\/?product=captains-sweat#breadcrumb\",\"itemListElement\":[{\"@type\":\"ListItem\",\"position\":1,\"name\":\"Startseite\",\"item\":\"https:\/\/sendeeinheit.com\/\"},{\"@type\":\"ListItem\",\"position\":2,\"name\":\"Shop\",\"item\":\"https:\/\/sendeeinheit.com\/?page_id=27\"},{\"@type\":\"ListItem\",\"position\":3,\"name\":\"Captain&#8217;s Sweat\"}]},{\"@type\":\"WebSite\",\"@id\":\"https:\/\/sendeeinheit.com\/#website\",\"url\":\"https:\/\/sendeeinheit.com\/\",\"name\":\"SENDEEINHEIT\",\"description\":\"Wir machen Podcasts. Gute.\",\"publisher\":{\"@id\":\"https:\/\/sendeeinheit.com\/#organization\"},\"potentialAction\":[{\"@type\":\"SearchAction\",\"target\":{\"@type\":\"EntryPoint\",\"urlTemplate\":\"https:\/\/sendeeinheit.com\/?s={search_term_string}\"},\"query-input\":{\"@type\":\"PropertyValueSpecification\",\"valueRequired\":true,\"valueName\":\"search_term_string\"}}],\"inLanguage\":\"de\"},{\"@type\":\"Organization\",\"@id\":\"https:\/\/sendeeinheit.com\/#organization\",\"name\":\"SENDEEINHEIT\",\"url\":\"https:\/\/sendeeinheit.com\/\",\"logo\":{\"@type\":\"ImageObject\",\"inLanguage\":\"de\",\"@id\":\"https:\/\/sendeeinheit.com\/#\/schema\/logo\/image\/\",\"url\":\"https:\/\/sendeeinheit.com\/wp-content\/uploads\/2024\/11\/SE_Logo_Final.png\",\"contentUrl\":\"https:\/\/sendeeinheit.com\/wp-content\/uploads\/2024\/11\/SE_Logo_Final.png\",\"width\":1241,\"height\":1241,\"caption\":\"SENDEEINHEIT\"},\"image\":{\"@id\":\"https:\/\/sendeeinheit.com\/#\/schema\/logo\/image\/\"},\"sameAs\":[\"https:\/\/www.linkedin.com\/company\/sendeeinheit\/\",\"https:\/\/www.instagram.com\/sendeeinheit?igsh=dW81dzNseDU5Nnp0\"]}]}<\/script>\n<!-- \/ Yoast SEO plugin. -->","yoast_head_json":{"title":"Captain's Sweat - SENDEEINHEIT","robots":{"index":"index","follow":"follow","max-snippet":"max-snippet:-1","max-image-preview":"max-image-preview:large","max-video-preview":"max-video-preview:-1"},"canonical":"https:\/\/sendeeinheit.com\/?product=captains-sweat","og_locale":"de_DE","og_type":"article","og_title":"Captain's Sweat - SENDEEINHEIT","og_description":"Mit diesem Sweatshirt bist Du garantiert der oder die Captain der Gem\u00fctlichkeit. Perfekt f\u00fcr alle, die glauben, dass Star Trek und eine Prise Niedlichkeit das Universum zusammenhalten.","og_url":"https:\/\/sendeeinheit.com\/?product=captains-sweat","og_site_name":"SENDEEINHEIT","article_modified_time":"2025-12-19T08:12:17+00:00","og_image":[{"width":2560,"height":1707,"url":"https:\/\/sendeeinheit.com\/wp-content\/uploads\/2024\/12\/DSCF1629-scaled.jpg","type":"image\/jpeg"}],"twitter_card":"summary_large_image","twitter_misc":{"Gesch\u00e4tzte Lesezeit":"1\u00a0Minute"},"schema":{"@context":"https:\/\/schema.org","@graph":[{"@type":"WebPage","@id":"https:\/\/sendeeinheit.com\/?product=captains-sweat","url":"https:\/\/sendeeinheit.com\/?product=captains-sweat","name":"Captain's Sweat - SENDEEINHEIT","isPartOf":{"@id":"https:\/\/sendeeinheit.com\/#website"},"primaryImageOfPage":{"@id":"https:\/\/sendeeinheit.com\/?product=captains-sweat#primaryimage"},"image":{"@id":"https:\/\/sendeeinheit.com\/?product=captains-sweat#primaryimage"},"thumbnailUrl":"https:\/\/sendeeinheit.com\/wp-content\/uploads\/2024\/12\/DSCF1629-scaled.jpg","datePublished":"2024-12-05T20:58:39+00:00","dateModified":"2025-12-19T08:12:17+00:00","breadcrumb":{"@id":"https:\/\/sendeeinheit.com\/?product=captains-sweat#breadcrumb"},"inLanguage":"de","potentialAction":[{"@type":"ReadAction","target":["https:\/\/sendeeinheit.com\/?product=captains-sweat"]}]},{"@type":"ImageObject","inLanguage":"de","@id":"https:\/\/sendeeinheit.com\/?product=captains-sweat#primaryimage","url":"https:\/\/sendeeinheit.com\/wp-content\/uploads\/2024\/12\/DSCF1629-scaled.jpg","contentUrl":"https:\/\/sendeeinheit.com\/wp-content\/uploads\/2024\/12\/DSCF1629-scaled.jpg","width":2560,"height":1707},{"@type":"BreadcrumbList","@id":"https:\/\/sendeeinheit.com\/?product=captains-sweat#breadcrumb","itemListElement":[{"@type":"ListItem","position":1,"name":"Startseite","item":"https:\/\/sendeeinheit.com\/"},{"@type":"ListItem","position":2,"name":"Shop","item":"https:\/\/sendeeinheit.com\/?page_id=27"},{"@type":"ListItem","position":3,"name":"Captain&#8217;s Sweat"}]},{"@type":"WebSite","@id":"https:\/\/sendeeinheit.com\/#website","url":"https:\/\/sendeeinheit.com\/","name":"SENDEEINHEIT","description":"Wir machen Podcasts. Gute.","publisher":{"@id":"https:\/\/sendeeinheit.com\/#organization"},"potentialAction":[{"@type":"SearchAction","target":{"@type":"EntryPoint","urlTemplate":"https:\/\/sendeeinheit.com\/?s={search_term_string}"},"query-input":{"@type":"PropertyValueSpecification","valueRequired":true,"valueName":"search_term_string"}}],"inLanguage":"de"},{"@type":"Organization","@id":"https:\/\/sendeeinheit.com\/#organization","name":"SENDEEINHEIT","url":"https:\/\/sendeeinheit.com\/","logo":{"@type":"ImageObject","inLanguage":"de","@id":"https:\/\/sendeeinheit.com\/#\/schema\/logo\/image\/","url":"https:\/\/sendeeinheit.com\/wp-content\/uploads\/2024\/11\/SE_Logo_Final.png","contentUrl":"https:\/\/sendeeinheit.com\/wp-content\/uploads\/2024\/11\/SE_Logo_Final.png","width":1241,"height":1241,"caption":"SENDEEINHEIT"},"image":{"@id":"https:\/\/sendeeinheit.com\/#\/schema\/logo\/image\/"},"sameAs":["https:\/\/www.linkedin.com\/company\/sendeeinheit\/","https:\/\/www.instagram.com\/sendeeinheit?igsh=dW81dzNseDU5Nnp0"]}]}},"jetpack_sharing_enabled":true,"_links":{"self":[{"href":"https:\/\/sendeeinheit.com\/index.php?rest_route=\/wp\/v2\/product\/19018","targetHints":{"allow":["GET"]}}],"collection":[{"href":"https:\/\/sendeeinheit.com\/index.php?rest_route=\/wp\/v2\/product"}],"about":[{"href":"https:\/\/sendeeinheit.com\/index.php?rest_route=\/wp\/v2\/types\/product"}],"author":[{"embeddable":true,"href":"https:\/\/sendeeinheit.com\/index.php?rest_route=\/wp\/v2\/users\/4"}],"replies":[{"embeddable":true,"href":"https:\/\/sendeeinheit.com\/index.php?rest_route=%2Fwp%2Fv2%2Fcomments&post=19018"}],"wp:featuredmedia":[{"embeddable":true,"href":"https:\/\/sendeeinheit.com\/index.php?rest_route=\/wp\/v2\/media\/19019"}],"wp:attachment":[{"href":"https:\/\/sendeeinheit.com\/index.php?rest_route=%2Fwp%2Fv2%2Fmedia&parent=19018"}],"wp:term":[{"taxonomy":"product_cat","embeddable":true,"href":"https:\/\/sendeeinheit.com\/index.php?rest_route=%2Fwp%2Fv2%2Fproduct_cat&post=19018"},{"taxonomy":"product_tag","embeddable":true,"href":"https:\/\/sendeeinheit.com\/index.php?rest_route=%2Fwp%2Fv2%2Fproduct_tag&post=19018"}],"curies":[{"name":"wp","href":"https:\/\/api.w.org\/{rel}","templated":true}]}}