{"id":19040,"date":"2024-12-05T20:33:29","date_gmt":"2024-12-05T20:33:29","guid":{"rendered":"https:\/\/sendeeinheit.com\/?post_type=product&#038;p=19040"},"modified":"2025-09-03T06:09:32","modified_gmt":"2025-09-03T06:09:32","slug":"galactic-graphite","status":"publish","type":"product","link":"https:\/\/sendeeinheit.com\/?product=galactic-graphite","title":{"rendered":"Galactic Graphite"},"content":{"rendered":"<p>Mit diesem Bleistift wirst Du zum Captain Deiner eigenen Gedankenflotte! Egal, ob Du Captain\u2019s Logs, Einkaufslisten oder spontane Theorien \u00fcber Zeitparadoxa festhalten m\u00f6chtest \u2013 der <a href=\"https:\/\/www.discoverypanel.de\/\" target=\"_blank\" rel=\"noopener\"><strong>Discovery Panel<\/strong><\/a>-Bleistift bringt Deine Ideen auf Warp-Geschwindigkeit. Andy und Sebastian h\u00e4tten ihn wahrscheinlich schon l\u00e4ngst auf der Br\u00fccke liegen, falls sie etwas Wichtiges DOCH MAL AUFSCHREIBEN w\u00fcrden.<\/p>\n<p><strong>Sch\u00e4rfer als ein Klingonen-Bat\u2019leth:<\/strong> Perfekt f\u00fcr pr\u00e4zise Notizen und spontane Kritzeleien<br \/>\n<strong>Design mit Nerd-Faktor:<\/strong> Dezent, s\u00fc\u00df und ein stilles Statement deiner Liebe zum s\u00fc\u00dfesten Star Trek-Podcast der Galaxis.<br \/>\n<strong>Federleicht, universumsweit einsetzbar:<\/strong> Funktioniert auf der Erde, im Shuttle und sogar in der neutralen Zone.<\/p>\n<p>Ob beim Skizzieren Deines eigenen Raumschiffs oder beim Protokollieren deiner Gedanken zur neuesten Folge \u2013 dieser Bleistift ist Dein treuer Begleiter. Und keine Sorge: Anders als ein Phaser hat er unendlich viele Sch\u00fcsse.<\/p>\n","protected":false},"excerpt":{"rendered":"<p>Ob beim Skizzieren Deines eigenen Raumschiffs oder beim Protokollieren Deiner Gedanken zur neuesten Folge \u2013 dieser Bleistift ist Dein treuer Begleiter. Und keine Sorge: Anders als ein Phaser hat er unendlich viele Sch\u00fcsse.<\/p>\n","protected":false},"author":4,"featured_media":19041,"comment_status":"open","ping_status":"closed","template":"","meta":{"pmpro_default_level":""},"product_cat":[147],"product_tag":[47],"class_list":{"0":"post-19040","1":"product","2":"type-product","3":"status-publish","4":"has-post-thumbnail","6":"product_cat-stift","7":"product_tag-case","8":"product_shipping_class-leicht","9":"pmpro-has-access","11":"first","12":"instock","13":"purchasable","14":"product-type-simple"},"yoast_head":"<!-- This site is optimized with the Yoast SEO plugin v24.0 - https:\/\/yoast.com\/wordpress\/plugins\/seo\/ -->\n<title>Galactic Graphite - SENDEEINHEIT<\/title>\n<meta name=\"robots\" content=\"index, follow, max-snippet:-1, max-image-preview:large, max-video-preview:-1\" \/>\n<link rel=\"canonical\" href=\"https:\/\/sendeeinheit.com\/?product=galactic-graphite\" \/>\n<meta property=\"og:locale\" content=\"de_DE\" \/>\n<meta property=\"og:type\" content=\"article\" \/>\n<meta property=\"og:title\" content=\"Galactic Graphite - SENDEEINHEIT\" \/>\n<meta property=\"og:description\" content=\"Ob beim Skizzieren Deines eigenen Raumschiffs oder beim Protokollieren Deiner Gedanken zur neuesten Folge \u2013 dieser Bleistift ist Dein treuer Begleiter. Und keine Sorge: Anders als ein Phaser hat er unendlich viele Sch\u00fcsse.\" \/>\n<meta property=\"og:url\" content=\"https:\/\/sendeeinheit.com\/?product=galactic-graphite\" \/>\n<meta property=\"og:site_name\" content=\"SENDEEINHEIT\" \/>\n<meta property=\"article:modified_time\" content=\"2025-09-03T06:09:32+00:00\" \/>\n<meta property=\"og:image\" content=\"https:\/\/sendeeinheit.com\/wp-content\/uploads\/2024\/12\/DSCF1614-scaled.jpg\" \/>\n\t<meta property=\"og:image:width\" content=\"2560\" \/>\n\t<meta property=\"og:image:height\" content=\"1707\" \/>\n\t<meta property=\"og:image:type\" content=\"image\/jpeg\" \/>\n<meta name=\"twitter:card\" content=\"summary_large_image\" \/>\n<meta name=\"twitter:label1\" content=\"Gesch\u00e4tzte Lesezeit\" \/>\n\t<meta name=\"twitter:data1\" content=\"1\u00a0Minute\" \/>\n<script type=\"application\/ld+json\" class=\"yoast-schema-graph\">{\"@context\":\"https:\/\/schema.org\",\"@graph\":[{\"@type\":\"WebPage\",\"@id\":\"https:\/\/sendeeinheit.com\/?product=galactic-graphite\",\"url\":\"https:\/\/sendeeinheit.com\/?product=galactic-graphite\",\"name\":\"Galactic Graphite - SENDEEINHEIT\",\"isPartOf\":{\"@id\":\"https:\/\/sendeeinheit.com\/#website\"},\"primaryImageOfPage\":{\"@id\":\"https:\/\/sendeeinheit.com\/?product=galactic-graphite#primaryimage\"},\"image\":{\"@id\":\"https:\/\/sendeeinheit.com\/?product=galactic-graphite#primaryimage\"},\"thumbnailUrl\":\"https:\/\/sendeeinheit.com\/wp-content\/uploads\/2024\/12\/DSCF1614-scaled.jpg\",\"datePublished\":\"2024-12-05T20:33:29+00:00\",\"dateModified\":\"2025-09-03T06:09:32+00:00\",\"breadcrumb\":{\"@id\":\"https:\/\/sendeeinheit.com\/?product=galactic-graphite#breadcrumb\"},\"inLanguage\":\"de\",\"potentialAction\":[{\"@type\":\"ReadAction\",\"target\":[\"https:\/\/sendeeinheit.com\/?product=galactic-graphite\"]}]},{\"@type\":\"ImageObject\",\"inLanguage\":\"de\",\"@id\":\"https:\/\/sendeeinheit.com\/?product=galactic-graphite#primaryimage\",\"url\":\"https:\/\/sendeeinheit.com\/wp-content\/uploads\/2024\/12\/DSCF1614-scaled.jpg\",\"contentUrl\":\"https:\/\/sendeeinheit.com\/wp-content\/uploads\/2024\/12\/DSCF1614-scaled.jpg\",\"width\":2560,\"height\":1707},{\"@type\":\"BreadcrumbList\",\"@id\":\"https:\/\/sendeeinheit.com\/?product=galactic-graphite#breadcrumb\",\"itemListElement\":[{\"@type\":\"ListItem\",\"position\":1,\"name\":\"Startseite\",\"item\":\"https:\/\/sendeeinheit.com\/\"},{\"@type\":\"ListItem\",\"position\":2,\"name\":\"Shop\",\"item\":\"https:\/\/sendeeinheit.com\/?page_id=27\"},{\"@type\":\"ListItem\",\"position\":3,\"name\":\"Galactic Graphite\"}]},{\"@type\":\"WebSite\",\"@id\":\"https:\/\/sendeeinheit.com\/#website\",\"url\":\"https:\/\/sendeeinheit.com\/\",\"name\":\"SENDEEINHEIT\",\"description\":\"Wir machen Podcasts. Gute.\",\"publisher\":{\"@id\":\"https:\/\/sendeeinheit.com\/#organization\"},\"potentialAction\":[{\"@type\":\"SearchAction\",\"target\":{\"@type\":\"EntryPoint\",\"urlTemplate\":\"https:\/\/sendeeinheit.com\/?s={search_term_string}\"},\"query-input\":{\"@type\":\"PropertyValueSpecification\",\"valueRequired\":true,\"valueName\":\"search_term_string\"}}],\"inLanguage\":\"de\"},{\"@type\":\"Organization\",\"@id\":\"https:\/\/sendeeinheit.com\/#organization\",\"name\":\"SENDEEINHEIT\",\"url\":\"https:\/\/sendeeinheit.com\/\",\"logo\":{\"@type\":\"ImageObject\",\"inLanguage\":\"de\",\"@id\":\"https:\/\/sendeeinheit.com\/#\/schema\/logo\/image\/\",\"url\":\"https:\/\/sendeeinheit.com\/wp-content\/uploads\/2024\/11\/SE_Logo_Final.png\",\"contentUrl\":\"https:\/\/sendeeinheit.com\/wp-content\/uploads\/2024\/11\/SE_Logo_Final.png\",\"width\":1241,\"height\":1241,\"caption\":\"SENDEEINHEIT\"},\"image\":{\"@id\":\"https:\/\/sendeeinheit.com\/#\/schema\/logo\/image\/\"},\"sameAs\":[\"https:\/\/www.linkedin.com\/company\/sendeeinheit\/\",\"https:\/\/www.instagram.com\/sendeeinheit?igsh=dW81dzNseDU5Nnp0\"]}]}<\/script>\n<!-- \/ Yoast SEO plugin. -->","yoast_head_json":{"title":"Galactic Graphite - SENDEEINHEIT","robots":{"index":"index","follow":"follow","max-snippet":"max-snippet:-1","max-image-preview":"max-image-preview:large","max-video-preview":"max-video-preview:-1"},"canonical":"https:\/\/sendeeinheit.com\/?product=galactic-graphite","og_locale":"de_DE","og_type":"article","og_title":"Galactic Graphite - SENDEEINHEIT","og_description":"Ob beim Skizzieren Deines eigenen Raumschiffs oder beim Protokollieren Deiner Gedanken zur neuesten Folge \u2013 dieser Bleistift ist Dein treuer Begleiter. Und keine Sorge: Anders als ein Phaser hat er unendlich viele Sch\u00fcsse.","og_url":"https:\/\/sendeeinheit.com\/?product=galactic-graphite","og_site_name":"SENDEEINHEIT","article_modified_time":"2025-09-03T06:09:32+00:00","og_image":[{"width":2560,"height":1707,"url":"https:\/\/sendeeinheit.com\/wp-content\/uploads\/2024\/12\/DSCF1614-scaled.jpg","type":"image\/jpeg"}],"twitter_card":"summary_large_image","twitter_misc":{"Gesch\u00e4tzte Lesezeit":"1\u00a0Minute"},"schema":{"@context":"https:\/\/schema.org","@graph":[{"@type":"WebPage","@id":"https:\/\/sendeeinheit.com\/?product=galactic-graphite","url":"https:\/\/sendeeinheit.com\/?product=galactic-graphite","name":"Galactic Graphite - SENDEEINHEIT","isPartOf":{"@id":"https:\/\/sendeeinheit.com\/#website"},"primaryImageOfPage":{"@id":"https:\/\/sendeeinheit.com\/?product=galactic-graphite#primaryimage"},"image":{"@id":"https:\/\/sendeeinheit.com\/?product=galactic-graphite#primaryimage"},"thumbnailUrl":"https:\/\/sendeeinheit.com\/wp-content\/uploads\/2024\/12\/DSCF1614-scaled.jpg","datePublished":"2024-12-05T20:33:29+00:00","dateModified":"2025-09-03T06:09:32+00:00","breadcrumb":{"@id":"https:\/\/sendeeinheit.com\/?product=galactic-graphite#breadcrumb"},"inLanguage":"de","potentialAction":[{"@type":"ReadAction","target":["https:\/\/sendeeinheit.com\/?product=galactic-graphite"]}]},{"@type":"ImageObject","inLanguage":"de","@id":"https:\/\/sendeeinheit.com\/?product=galactic-graphite#primaryimage","url":"https:\/\/sendeeinheit.com\/wp-content\/uploads\/2024\/12\/DSCF1614-scaled.jpg","contentUrl":"https:\/\/sendeeinheit.com\/wp-content\/uploads\/2024\/12\/DSCF1614-scaled.jpg","width":2560,"height":1707},{"@type":"BreadcrumbList","@id":"https:\/\/sendeeinheit.com\/?product=galactic-graphite#breadcrumb","itemListElement":[{"@type":"ListItem","position":1,"name":"Startseite","item":"https:\/\/sendeeinheit.com\/"},{"@type":"ListItem","position":2,"name":"Shop","item":"https:\/\/sendeeinheit.com\/?page_id=27"},{"@type":"ListItem","position":3,"name":"Galactic Graphite"}]},{"@type":"WebSite","@id":"https:\/\/sendeeinheit.com\/#website","url":"https:\/\/sendeeinheit.com\/","name":"SENDEEINHEIT","description":"Wir machen Podcasts. Gute.","publisher":{"@id":"https:\/\/sendeeinheit.com\/#organization"},"potentialAction":[{"@type":"SearchAction","target":{"@type":"EntryPoint","urlTemplate":"https:\/\/sendeeinheit.com\/?s={search_term_string}"},"query-input":{"@type":"PropertyValueSpecification","valueRequired":true,"valueName":"search_term_string"}}],"inLanguage":"de"},{"@type":"Organization","@id":"https:\/\/sendeeinheit.com\/#organization","name":"SENDEEINHEIT","url":"https:\/\/sendeeinheit.com\/","logo":{"@type":"ImageObject","inLanguage":"de","@id":"https:\/\/sendeeinheit.com\/#\/schema\/logo\/image\/","url":"https:\/\/sendeeinheit.com\/wp-content\/uploads\/2024\/11\/SE_Logo_Final.png","contentUrl":"https:\/\/sendeeinheit.com\/wp-content\/uploads\/2024\/11\/SE_Logo_Final.png","width":1241,"height":1241,"caption":"SENDEEINHEIT"},"image":{"@id":"https:\/\/sendeeinheit.com\/#\/schema\/logo\/image\/"},"sameAs":["https:\/\/www.linkedin.com\/company\/sendeeinheit\/","https:\/\/www.instagram.com\/sendeeinheit?igsh=dW81dzNseDU5Nnp0"]}]}},"jetpack_sharing_enabled":true,"_links":{"self":[{"href":"https:\/\/sendeeinheit.com\/index.php?rest_route=\/wp\/v2\/product\/19040","targetHints":{"allow":["GET"]}}],"collection":[{"href":"https:\/\/sendeeinheit.com\/index.php?rest_route=\/wp\/v2\/product"}],"about":[{"href":"https:\/\/sendeeinheit.com\/index.php?rest_route=\/wp\/v2\/types\/product"}],"author":[{"embeddable":true,"href":"https:\/\/sendeeinheit.com\/index.php?rest_route=\/wp\/v2\/users\/4"}],"replies":[{"embeddable":true,"href":"https:\/\/sendeeinheit.com\/index.php?rest_route=%2Fwp%2Fv2%2Fcomments&post=19040"}],"wp:featuredmedia":[{"embeddable":true,"href":"https:\/\/sendeeinheit.com\/index.php?rest_route=\/wp\/v2\/media\/19041"}],"wp:attachment":[{"href":"https:\/\/sendeeinheit.com\/index.php?rest_route=%2Fwp%2Fv2%2Fmedia&parent=19040"}],"wp:term":[{"taxonomy":"product_cat","embeddable":true,"href":"https:\/\/sendeeinheit.com\/index.php?rest_route=%2Fwp%2Fv2%2Fproduct_cat&post=19040"},{"taxonomy":"product_tag","embeddable":true,"href":"https:\/\/sendeeinheit.com\/index.php?rest_route=%2Fwp%2Fv2%2Fproduct_tag&post=19040"}],"curies":[{"name":"wp","href":"https:\/\/api.w.org\/{rel}","templated":true}]}}