{"id":19329,"date":"2025-04-28T14:54:14","date_gmt":"2025-04-28T14:54:14","guid":{"rendered":"https:\/\/sendeeinheit.com\/?post_type=product&#038;p=19329"},"modified":"2026-03-05T11:14:55","modified_gmt":"2026-03-05T11:14:55","slug":"lifexlab-in-berlin-ein-transformativer-abend","status":"publish","type":"product","link":"https:\/\/sendeeinheit.com\/?product=lifexlab-in-berlin-ein-transformativer-abend","title":{"rendered":"LifeXLab in Berlin \u2013 Ein transformativer Abend"},"content":{"rendered":"<h2>Jetzt ist Berlin dran!<br data-start=\"757\" data-end=\"760\" \/>Der LifeXLab-Abend kommt nach erfolgreichen Gastspielen in K\u00f6ln, Kiel und Hamburg erstmals in die Hauptstadt.<\/h2>\n<p>&nbsp;<\/p>\n<p><a href=\"https:\/\/dianehielscher.de\/\">Diane Hielscher<\/a> \u2013 Autorin, Moderatorin und Gr\u00fcnderin von LifeXLab \u2013 erforscht seit sieben Jahren, was uns mental stark macht: Achtsamkeit, Meditation, Selbstreflexion und die Wissenschaft vom Gl\u00fcck. Dabei st\u00fctzt sie sich auf eine bahnbrechende Erkenntnis der Neurowissenschaft: Unser Gehirn ist formbar! Durch Neuroplastizit\u00e4t k\u00f6nnen wir alte Muster \u00fcberschreiben und neue Denkweisen trainieren \u2013 f\u00fcr mehr Gelassenheit, Zuversicht und innere St\u00e4rke.<\/p>\n<p>An diesem besonderen Abend teilt sie ihr Wissen auf spielerische Art: mit kreativen Schreib\u00fcbungen, Breakout-Sessions und \u00fcberraschenden Aha-Momenten \u2013 musikalisch begleitet von Interpretin und Songwriterin <a href=\"https:\/\/www.karlieapriori.de\/\">Karlie Apriori<\/a>.<\/p>\n<p>&nbsp;<\/p>\n<h2>Ein Abend voller Drinks, Musik und Erkenntnisse, der transformiert. Du gehst mit neuen Fragen, frischen Ideen, praktischen Tools und Lust auf mehr nach Hause.<\/h2>\n<p>&nbsp;<\/p>\n<p>Better Together Tattoo &amp; Gallery<br \/>\n7. M\u00e4rz 2026 | Einlass 19 Uhr<\/p>\n<p>&nbsp;<\/p>\n<p>&nbsp;<\/p>\n","protected":false},"excerpt":{"rendered":"<p>Jetzt ist Berlin dran!Der LifeXLab-Abend kommt nach erfolgreichen Gastspielen in K\u00f6ln, Kiel und Hamburg erstmals in die Hauptstadt. &nbsp; Diane Hielscher \u2013 Autorin, Moderatorin und Gr\u00fcnderin von LifeXLab \u2013 erforscht seit sieben Jahren, was uns mental stark macht: Achtsamkeit, Meditation, Selbstreflexion und die Wissenschaft vom&#8230;<\/p>\n","protected":false},"author":1,"featured_media":19797,"comment_status":"open","ping_status":"closed","template":"","meta":{"pmpro_default_level":""},"product_cat":[143],"product_tag":[],"class_list":{"0":"post-19329","1":"product","2":"type-product","3":"status-publish","4":"has-post-thumbnail","6":"product_cat-event","7":"pmpro-has-access","9":"first","10":"instock","11":"virtual","12":"purchasable","13":"product-type-simple"},"yoast_head":"<!-- This site is optimized with the Yoast SEO plugin v24.0 - https:\/\/yoast.com\/wordpress\/plugins\/seo\/ -->\n<title>LifeXLab in Berlin \u2013 Ein transformativer Abend - SENDEEINHEIT<\/title>\n<meta name=\"robots\" content=\"index, follow, max-snippet:-1, max-image-preview:large, max-video-preview:-1\" \/>\n<link rel=\"canonical\" href=\"https:\/\/sendeeinheit.com\/?product=lifexlab-in-berlin-ein-transformativer-abend\" \/>\n<meta property=\"og:locale\" content=\"de_DE\" \/>\n<meta property=\"og:type\" content=\"article\" \/>\n<meta property=\"og:title\" content=\"LifeXLab in Berlin \u2013 Ein transformativer Abend - SENDEEINHEIT\" \/>\n<meta property=\"og:description\" content=\"Jetzt ist Berlin dran!Der LifeXLab-Abend kommt nach erfolgreichen Gastspielen in K\u00f6ln, Kiel und Hamburg erstmals in die Hauptstadt. &nbsp; Diane Hielscher \u2013 Autorin, Moderatorin und Gr\u00fcnderin von LifeXLab \u2013 erforscht seit sieben Jahren, was uns mental stark macht: Achtsamkeit, Meditation, Selbstreflexion und die Wissenschaft vom...\" \/>\n<meta property=\"og:url\" content=\"https:\/\/sendeeinheit.com\/?product=lifexlab-in-berlin-ein-transformativer-abend\" \/>\n<meta property=\"og:site_name\" content=\"SENDEEINHEIT\" \/>\n<meta property=\"article:modified_time\" content=\"2026-03-05T11:14:55+00:00\" \/>\n<meta property=\"og:image\" content=\"https:\/\/sendeeinheit.com\/wp-content\/uploads\/2025\/04\/LifeXLab_2026_Sharepic-BERLIN_1080x1350.jpg\" \/>\n\t<meta property=\"og:image:width\" content=\"1080\" \/>\n\t<meta property=\"og:image:height\" content=\"1350\" \/>\n\t<meta property=\"og:image:type\" content=\"image\/jpeg\" \/>\n<meta name=\"twitter:card\" content=\"summary_large_image\" \/>\n<meta name=\"twitter:label1\" content=\"Gesch\u00e4tzte Lesezeit\" \/>\n\t<meta name=\"twitter:data1\" content=\"1\u00a0Minute\" \/>\n<script type=\"application\/ld+json\" class=\"yoast-schema-graph\">{\"@context\":\"https:\/\/schema.org\",\"@graph\":[{\"@type\":\"WebPage\",\"@id\":\"https:\/\/sendeeinheit.com\/?product=lifexlab-in-berlin-ein-transformativer-abend\",\"url\":\"https:\/\/sendeeinheit.com\/?product=lifexlab-in-berlin-ein-transformativer-abend\",\"name\":\"LifeXLab in Berlin \u2013 Ein transformativer Abend - SENDEEINHEIT\",\"isPartOf\":{\"@id\":\"https:\/\/sendeeinheit.com\/#website\"},\"primaryImageOfPage\":{\"@id\":\"https:\/\/sendeeinheit.com\/?product=lifexlab-in-berlin-ein-transformativer-abend#primaryimage\"},\"image\":{\"@id\":\"https:\/\/sendeeinheit.com\/?product=lifexlab-in-berlin-ein-transformativer-abend#primaryimage\"},\"thumbnailUrl\":\"https:\/\/sendeeinheit.com\/wp-content\/uploads\/2025\/04\/LifeXLab_2026_Sharepic-BERLIN_1080x1350.jpg\",\"datePublished\":\"2025-04-28T14:54:14+00:00\",\"dateModified\":\"2026-03-05T11:14:55+00:00\",\"breadcrumb\":{\"@id\":\"https:\/\/sendeeinheit.com\/?product=lifexlab-in-berlin-ein-transformativer-abend#breadcrumb\"},\"inLanguage\":\"de\",\"potentialAction\":[{\"@type\":\"ReadAction\",\"target\":[\"https:\/\/sendeeinheit.com\/?product=lifexlab-in-berlin-ein-transformativer-abend\"]}]},{\"@type\":\"ImageObject\",\"inLanguage\":\"de\",\"@id\":\"https:\/\/sendeeinheit.com\/?product=lifexlab-in-berlin-ein-transformativer-abend#primaryimage\",\"url\":\"https:\/\/sendeeinheit.com\/wp-content\/uploads\/2025\/04\/LifeXLab_2026_Sharepic-BERLIN_1080x1350.jpg\",\"contentUrl\":\"https:\/\/sendeeinheit.com\/wp-content\/uploads\/2025\/04\/LifeXLab_2026_Sharepic-BERLIN_1080x1350.jpg\",\"width\":1080,\"height\":1350},{\"@type\":\"BreadcrumbList\",\"@id\":\"https:\/\/sendeeinheit.com\/?product=lifexlab-in-berlin-ein-transformativer-abend#breadcrumb\",\"itemListElement\":[{\"@type\":\"ListItem\",\"position\":1,\"name\":\"Startseite\",\"item\":\"https:\/\/sendeeinheit.com\/\"},{\"@type\":\"ListItem\",\"position\":2,\"name\":\"Shop\",\"item\":\"https:\/\/sendeeinheit.com\/?page_id=27\"},{\"@type\":\"ListItem\",\"position\":3,\"name\":\"LifeXLab in Berlin \u2013 Ein transformativer Abend\"}]},{\"@type\":\"WebSite\",\"@id\":\"https:\/\/sendeeinheit.com\/#website\",\"url\":\"https:\/\/sendeeinheit.com\/\",\"name\":\"SENDEEINHEIT\",\"description\":\"Wir machen Podcasts. Gute.\",\"publisher\":{\"@id\":\"https:\/\/sendeeinheit.com\/#organization\"},\"potentialAction\":[{\"@type\":\"SearchAction\",\"target\":{\"@type\":\"EntryPoint\",\"urlTemplate\":\"https:\/\/sendeeinheit.com\/?s={search_term_string}\"},\"query-input\":{\"@type\":\"PropertyValueSpecification\",\"valueRequired\":true,\"valueName\":\"search_term_string\"}}],\"inLanguage\":\"de\"},{\"@type\":\"Organization\",\"@id\":\"https:\/\/sendeeinheit.com\/#organization\",\"name\":\"SENDEEINHEIT\",\"url\":\"https:\/\/sendeeinheit.com\/\",\"logo\":{\"@type\":\"ImageObject\",\"inLanguage\":\"de\",\"@id\":\"https:\/\/sendeeinheit.com\/#\/schema\/logo\/image\/\",\"url\":\"https:\/\/sendeeinheit.com\/wp-content\/uploads\/2024\/11\/SE_Logo_Final.png\",\"contentUrl\":\"https:\/\/sendeeinheit.com\/wp-content\/uploads\/2024\/11\/SE_Logo_Final.png\",\"width\":1241,\"height\":1241,\"caption\":\"SENDEEINHEIT\"},\"image\":{\"@id\":\"https:\/\/sendeeinheit.com\/#\/schema\/logo\/image\/\"},\"sameAs\":[\"https:\/\/www.linkedin.com\/company\/sendeeinheit\/\",\"https:\/\/www.instagram.com\/sendeeinheit?igsh=dW81dzNseDU5Nnp0\"]}]}<\/script>\n<!-- \/ Yoast SEO plugin. -->","yoast_head_json":{"title":"LifeXLab in Berlin \u2013 Ein transformativer Abend - SENDEEINHEIT","robots":{"index":"index","follow":"follow","max-snippet":"max-snippet:-1","max-image-preview":"max-image-preview:large","max-video-preview":"max-video-preview:-1"},"canonical":"https:\/\/sendeeinheit.com\/?product=lifexlab-in-berlin-ein-transformativer-abend","og_locale":"de_DE","og_type":"article","og_title":"LifeXLab in Berlin \u2013 Ein transformativer Abend - SENDEEINHEIT","og_description":"Jetzt ist Berlin dran!Der LifeXLab-Abend kommt nach erfolgreichen Gastspielen in K\u00f6ln, Kiel und Hamburg erstmals in die Hauptstadt. &nbsp; Diane Hielscher \u2013 Autorin, Moderatorin und Gr\u00fcnderin von LifeXLab \u2013 erforscht seit sieben Jahren, was uns mental stark macht: Achtsamkeit, Meditation, Selbstreflexion und die Wissenschaft vom...","og_url":"https:\/\/sendeeinheit.com\/?product=lifexlab-in-berlin-ein-transformativer-abend","og_site_name":"SENDEEINHEIT","article_modified_time":"2026-03-05T11:14:55+00:00","og_image":[{"width":1080,"height":1350,"url":"https:\/\/sendeeinheit.com\/wp-content\/uploads\/2025\/04\/LifeXLab_2026_Sharepic-BERLIN_1080x1350.jpg","type":"image\/jpeg"}],"twitter_card":"summary_large_image","twitter_misc":{"Gesch\u00e4tzte Lesezeit":"1\u00a0Minute"},"schema":{"@context":"https:\/\/schema.org","@graph":[{"@type":"WebPage","@id":"https:\/\/sendeeinheit.com\/?product=lifexlab-in-berlin-ein-transformativer-abend","url":"https:\/\/sendeeinheit.com\/?product=lifexlab-in-berlin-ein-transformativer-abend","name":"LifeXLab in Berlin \u2013 Ein transformativer Abend - SENDEEINHEIT","isPartOf":{"@id":"https:\/\/sendeeinheit.com\/#website"},"primaryImageOfPage":{"@id":"https:\/\/sendeeinheit.com\/?product=lifexlab-in-berlin-ein-transformativer-abend#primaryimage"},"image":{"@id":"https:\/\/sendeeinheit.com\/?product=lifexlab-in-berlin-ein-transformativer-abend#primaryimage"},"thumbnailUrl":"https:\/\/sendeeinheit.com\/wp-content\/uploads\/2025\/04\/LifeXLab_2026_Sharepic-BERLIN_1080x1350.jpg","datePublished":"2025-04-28T14:54:14+00:00","dateModified":"2026-03-05T11:14:55+00:00","breadcrumb":{"@id":"https:\/\/sendeeinheit.com\/?product=lifexlab-in-berlin-ein-transformativer-abend#breadcrumb"},"inLanguage":"de","potentialAction":[{"@type":"ReadAction","target":["https:\/\/sendeeinheit.com\/?product=lifexlab-in-berlin-ein-transformativer-abend"]}]},{"@type":"ImageObject","inLanguage":"de","@id":"https:\/\/sendeeinheit.com\/?product=lifexlab-in-berlin-ein-transformativer-abend#primaryimage","url":"https:\/\/sendeeinheit.com\/wp-content\/uploads\/2025\/04\/LifeXLab_2026_Sharepic-BERLIN_1080x1350.jpg","contentUrl":"https:\/\/sendeeinheit.com\/wp-content\/uploads\/2025\/04\/LifeXLab_2026_Sharepic-BERLIN_1080x1350.jpg","width":1080,"height":1350},{"@type":"BreadcrumbList","@id":"https:\/\/sendeeinheit.com\/?product=lifexlab-in-berlin-ein-transformativer-abend#breadcrumb","itemListElement":[{"@type":"ListItem","position":1,"name":"Startseite","item":"https:\/\/sendeeinheit.com\/"},{"@type":"ListItem","position":2,"name":"Shop","item":"https:\/\/sendeeinheit.com\/?page_id=27"},{"@type":"ListItem","position":3,"name":"LifeXLab in Berlin \u2013 Ein transformativer Abend"}]},{"@type":"WebSite","@id":"https:\/\/sendeeinheit.com\/#website","url":"https:\/\/sendeeinheit.com\/","name":"SENDEEINHEIT","description":"Wir machen Podcasts. Gute.","publisher":{"@id":"https:\/\/sendeeinheit.com\/#organization"},"potentialAction":[{"@type":"SearchAction","target":{"@type":"EntryPoint","urlTemplate":"https:\/\/sendeeinheit.com\/?s={search_term_string}"},"query-input":{"@type":"PropertyValueSpecification","valueRequired":true,"valueName":"search_term_string"}}],"inLanguage":"de"},{"@type":"Organization","@id":"https:\/\/sendeeinheit.com\/#organization","name":"SENDEEINHEIT","url":"https:\/\/sendeeinheit.com\/","logo":{"@type":"ImageObject","inLanguage":"de","@id":"https:\/\/sendeeinheit.com\/#\/schema\/logo\/image\/","url":"https:\/\/sendeeinheit.com\/wp-content\/uploads\/2024\/11\/SE_Logo_Final.png","contentUrl":"https:\/\/sendeeinheit.com\/wp-content\/uploads\/2024\/11\/SE_Logo_Final.png","width":1241,"height":1241,"caption":"SENDEEINHEIT"},"image":{"@id":"https:\/\/sendeeinheit.com\/#\/schema\/logo\/image\/"},"sameAs":["https:\/\/www.linkedin.com\/company\/sendeeinheit\/","https:\/\/www.instagram.com\/sendeeinheit?igsh=dW81dzNseDU5Nnp0"]}]}},"jetpack_sharing_enabled":true,"_links":{"self":[{"href":"https:\/\/sendeeinheit.com\/index.php?rest_route=\/wp\/v2\/product\/19329","targetHints":{"allow":["GET"]}}],"collection":[{"href":"https:\/\/sendeeinheit.com\/index.php?rest_route=\/wp\/v2\/product"}],"about":[{"href":"https:\/\/sendeeinheit.com\/index.php?rest_route=\/wp\/v2\/types\/product"}],"author":[{"embeddable":true,"href":"https:\/\/sendeeinheit.com\/index.php?rest_route=\/wp\/v2\/users\/1"}],"replies":[{"embeddable":true,"href":"https:\/\/sendeeinheit.com\/index.php?rest_route=%2Fwp%2Fv2%2Fcomments&post=19329"}],"wp:featuredmedia":[{"embeddable":true,"href":"https:\/\/sendeeinheit.com\/index.php?rest_route=\/wp\/v2\/media\/19797"}],"wp:attachment":[{"href":"https:\/\/sendeeinheit.com\/index.php?rest_route=%2Fwp%2Fv2%2Fmedia&parent=19329"}],"wp:term":[{"taxonomy":"product_cat","embeddable":true,"href":"https:\/\/sendeeinheit.com\/index.php?rest_route=%2Fwp%2Fv2%2Fproduct_cat&post=19329"},{"taxonomy":"product_tag","embeddable":true,"href":"https:\/\/sendeeinheit.com\/index.php?rest_route=%2Fwp%2Fv2%2Fproduct_tag&post=19329"}],"curies":[{"name":"wp","href":"https:\/\/api.w.org\/{rel}","templated":true}]}}